{"id":2286,"date":"2023-01-05T13:50:44","date_gmt":"2023-01-05T13:50:44","guid":{"rendered":"https:\/\/identity.ee\/case-studies\/"},"modified":"2023-01-13T12:28:57","modified_gmt":"2023-01-13T12:28:57","slug":"juhtumiuuring","status":"publish","type":"page","link":"https:\/\/identity.ee\/et\/juhtumiuuring\/","title":{"rendered":"Tehtud t\u00f6\u00f6d"},"content":{"rendered":"","protected":false},"excerpt":{"rendered":"","protected":false},"author":1,"featured_media":0,"parent":0,"menu_order":0,"comment_status":"closed","ping_status":"closed","template":"controllers\/case-studies.php","meta":[],"acf":[],"yoast_head":"<!-- This site is optimized with the Yoast SEO plugin v19.13 - https:\/\/yoast.com\/wordpress\/plugins\/seo\/ -->\n<title>Tehtud t\u00f6\u00f6d - Identity<\/title>\n<meta name=\"description\" content=\"Oleme strateegilisele disainile spetsialiseerunud loovagentuur. Loe meie tehtud t\u00f6\u00f6de ja projektide sisu kohta l\u00e4hemalt.\" \/>\n<meta name=\"robots\" content=\"index, follow, max-snippet:-1, max-image-preview:large, max-video-preview:-1\" \/>\n<link rel=\"canonical\" href=\"https:\/\/identity.ee\/et\/juhtumiuuring\/\" \/>\n<meta property=\"og:locale\" content=\"et_EE\" \/>\n<meta property=\"og:type\" content=\"article\" \/>\n<meta property=\"og:title\" content=\"Tehtud t\u00f6\u00f6d - Identity\" \/>\n<meta property=\"og:description\" content=\"Oleme strateegilisele disainile spetsialiseerunud loovagentuur. Loe meie tehtud t\u00f6\u00f6de ja projektide sisu kohta l\u00e4hemalt.\" \/>\n<meta property=\"og:url\" content=\"https:\/\/identity.ee\/et\/juhtumiuuring\/\" \/>\n<meta property=\"og:site_name\" content=\"Identity\" \/>\n<meta property=\"article:modified_time\" content=\"2023-01-13T12:28:57+00:00\" \/>\n<meta name=\"twitter:card\" content=\"summary_large_image\" \/>\n<script type=\"application\/ld+json\" class=\"yoast-schema-graph\">{\"@context\":\"https:\/\/schema.org\",\"@graph\":[{\"@type\":\"WebPage\",\"@id\":\"https:\/\/identity.ee\/et\/juhtumiuuring\/\",\"url\":\"https:\/\/identity.ee\/et\/juhtumiuuring\/\",\"name\":\"Tehtud t\u00f6\u00f6d - Identity\",\"isPartOf\":{\"@id\":\"https:\/\/identity.ee\/#website\"},\"datePublished\":\"2023-01-05T13:50:44+00:00\",\"dateModified\":\"2023-01-13T12:28:57+00:00\",\"description\":\"Oleme strateegilisele disainile spetsialiseerunud loovagentuur. Loe meie tehtud t\u00f6\u00f6de ja projektide sisu kohta l\u00e4hemalt.\",\"breadcrumb\":{\"@id\":\"https:\/\/identity.ee\/et\/juhtumiuuring\/#breadcrumb\"},\"inLanguage\":\"et\",\"potentialAction\":[{\"@type\":\"ReadAction\",\"target\":[\"https:\/\/identity.ee\/et\/juhtumiuuring\/\"]}]},{\"@type\":\"BreadcrumbList\",\"@id\":\"https:\/\/identity.ee\/et\/juhtumiuuring\/#breadcrumb\",\"itemListElement\":[{\"@type\":\"ListItem\",\"position\":1,\"name\":\"Home\",\"item\":\"https:\/\/identity.ee\/et\/\"},{\"@type\":\"ListItem\",\"position\":2,\"name\":\"Tehtud t\u00f6\u00f6d\"}]},{\"@type\":\"WebSite\",\"@id\":\"https:\/\/identity.ee\/#website\",\"url\":\"https:\/\/identity.ee\/\",\"name\":\"Identity\",\"description\":\"Identity\",\"potentialAction\":[{\"@type\":\"SearchAction\",\"target\":{\"@type\":\"EntryPoint\",\"urlTemplate\":\"https:\/\/identity.ee\/?s={search_term_string}\"},\"query-input\":\"required name=search_term_string\"}],\"inLanguage\":\"et\"}]}<\/script>\n<!-- \/ Yoast SEO plugin. -->","yoast_head_json":{"title":"Tehtud t\u00f6\u00f6d - Identity","description":"Oleme strateegilisele disainile spetsialiseerunud loovagentuur. Loe meie tehtud t\u00f6\u00f6de ja projektide sisu kohta l\u00e4hemalt.","robots":{"index":"index","follow":"follow","max-snippet":"max-snippet:-1","max-image-preview":"max-image-preview:large","max-video-preview":"max-video-preview:-1"},"canonical":"https:\/\/identity.ee\/et\/juhtumiuuring\/","og_locale":"et_EE","og_type":"article","og_title":"Tehtud t\u00f6\u00f6d - Identity","og_description":"Oleme strateegilisele disainile spetsialiseerunud loovagentuur. Loe meie tehtud t\u00f6\u00f6de ja projektide sisu kohta l\u00e4hemalt.","og_url":"https:\/\/identity.ee\/et\/juhtumiuuring\/","og_site_name":"Identity","article_modified_time":"2023-01-13T12:28:57+00:00","twitter_card":"summary_large_image","schema":{"@context":"https:\/\/schema.org","@graph":[{"@type":"WebPage","@id":"https:\/\/identity.ee\/et\/juhtumiuuring\/","url":"https:\/\/identity.ee\/et\/juhtumiuuring\/","name":"Tehtud t\u00f6\u00f6d - Identity","isPartOf":{"@id":"https:\/\/identity.ee\/#website"},"datePublished":"2023-01-05T13:50:44+00:00","dateModified":"2023-01-13T12:28:57+00:00","description":"Oleme strateegilisele disainile spetsialiseerunud loovagentuur. Loe meie tehtud t\u00f6\u00f6de ja projektide sisu kohta l\u00e4hemalt.","breadcrumb":{"@id":"https:\/\/identity.ee\/et\/juhtumiuuring\/#breadcrumb"},"inLanguage":"et","potentialAction":[{"@type":"ReadAction","target":["https:\/\/identity.ee\/et\/juhtumiuuring\/"]}]},{"@type":"BreadcrumbList","@id":"https:\/\/identity.ee\/et\/juhtumiuuring\/#breadcrumb","itemListElement":[{"@type":"ListItem","position":1,"name":"Home","item":"https:\/\/identity.ee\/et\/"},{"@type":"ListItem","position":2,"name":"Tehtud t\u00f6\u00f6d"}]},{"@type":"WebSite","@id":"https:\/\/identity.ee\/#website","url":"https:\/\/identity.ee\/","name":"Identity","description":"Identity","potentialAction":[{"@type":"SearchAction","target":{"@type":"EntryPoint","urlTemplate":"https:\/\/identity.ee\/?s={search_term_string}"},"query-input":"required name=search_term_string"}],"inLanguage":"et"}]}},"_links":{"self":[{"href":"https:\/\/identity.ee\/et\/wp-json\/wp\/v2\/pages\/2286"}],"collection":[{"href":"https:\/\/identity.ee\/et\/wp-json\/wp\/v2\/pages"}],"about":[{"href":"https:\/\/identity.ee\/et\/wp-json\/wp\/v2\/types\/page"}],"author":[{"embeddable":true,"href":"https:\/\/identity.ee\/et\/wp-json\/wp\/v2\/users\/1"}],"replies":[{"embeddable":true,"href":"https:\/\/identity.ee\/et\/wp-json\/wp\/v2\/comments?post=2286"}],"version-history":[{"count":3,"href":"https:\/\/identity.ee\/et\/wp-json\/wp\/v2\/pages\/2286\/revisions"}],"predecessor-version":[{"id":2538,"href":"https:\/\/identity.ee\/et\/wp-json\/wp\/v2\/pages\/2286\/revisions\/2538"}],"wp:attachment":[{"href":"https:\/\/identity.ee\/et\/wp-json\/wp\/v2\/media?parent=2286"}],"curies":[{"name":"wp","href":"https:\/\/api.w.org\/{rel}","templated":true}]}}